{"id":17,"date":"2014-07-09T15:49:10","date_gmt":"2014-07-09T15:49:10","guid":{"rendered":"http:\/\/192.168.1.104\/restaurant\/?page_id=12"},"modified":"2020-11-20T09:14:24","modified_gmt":"2020-11-20T08:14:24","slug":"menuekarte","status":"publish","type":"page","link":"https:\/\/www.gutweb.ch\/restaurant-webseite\/menuekarte\/","title":{"rendered":"Men\u00fckarte"},"content":{"rendered":"<div id='av_section_1'  class='avia-section main_color avia-section-default avia-no-shadow  avia-full-stretch av-parallax-section avia-bg-style-parallax  avia-builder-el-0  el_before_av_section  avia-builder-el-first   container_wrap sidebar_right' style=' '  data-section-bg-repeat='stretch'><div class='av-parallax' data-avia-parallax-ratio='0.3' ><div class='av-parallax-inner main_color  avia-full-stretch' style = 'background-repeat: no-repeat; background-image: url(https:\/\/www.gutweb.ch\/restaurant-webseite\/wp-content\/uploads\/sites\/2\/2014\/07\/coffee.jpg);background-attachment: scroll; background-position: bottom center; ' ><\/div><\/div><div class='container' ><main  role=\"main\" itemprop=\"mainContentOfPage\"  class='template-page content  av-content-small alpha units'><div class='post-entry post-entry-type-page post-entry-17'><div class='entry-content-wrapper clearfix'>\n<div  style='padding-bottom:0px; color:#ffffff;font-size:60px;' class='av-special-heading av-special-heading-h1 custom-color-heading blockquote modern-quote  avia-builder-el-1  avia-builder-el-no-sibling  av-thin-font av-inherit-size '><h1 class='av-special-heading-tag '  itemprop=\"headline\"  >Unsere <strong>Men\u00fcs<\/strong><\/h1><div class ='av-subheading av-subheading_below av_custom_color ' style='font-size:18px;'><p>F\u00fcr jeden etwas dabei<\/p>\n<\/div><div class='special-heading-border'><div class='special-heading-inner-border' style='border-color:#ffffff'><\/div><\/div><\/div>\n\n<\/div><\/div><\/main><!-- close content main element --><\/div><\/div><div id='av_section_2'  class='avia-section main_color avia-section-default avia-no-shadow  avia-bg-style-scroll  avia-builder-el-2  el_after_av_section  avia-builder-el-last   container_wrap sidebar_right' style='background-repeat: no-repeat; background-image: url(https:\/\/www.gutweb.ch\/restaurant-webseite\/wp-content\/uploads\/sites\/2\/2014\/07\/fruit_bg.jpg);background-attachment: scroll; background-position: bottom right;  '  data-section-bg-repeat='no-repeat'><div class='container' ><div class='template-page content  av-content-small alpha units'><div class='post-entry post-entry-type-page post-entry-17'><div class='entry-content-wrapper clearfix'>\n<div  style='padding-bottom:25px; ' class='av-special-heading av-special-heading-h2  blockquote modern-quote modern-centered  avia-builder-el-3  el_before_av_one_fifth  avia-builder-el-first  av-thin-font '><h2 class='av-special-heading-tag '  itemprop=\"headline\"  ><strong>Tagesmen\u00fc<\/strong><\/h2><div class='special-heading-border'><div class='special-heading-inner-border' ><\/div><\/div><\/div>\n<div class=\"flex_column av_one_fifth  flex_column_div first  avia-builder-el-4  el_after_av_heading  el_before_av_three_fifth  \" ><\/div><div class=\"flex_column av_three_fifth  flex_column_div   avia-builder-el-5  el_after_av_one_fifth  el_before_av_one_fifth  \" ><div  class='av-catalogue-container   avia-builder-el-6  avia-builder-el-no-sibling '><ul class='av-catalogue-list'>\n<li><a href='https:\/\/www.gutweb.ch\/restaurant-webseite\/wp-content\/uploads\/sites\/2\/2014\/07\/burger-1030x687.jpg'  class='av-catalogue-item'><img src='https:\/\/www.gutweb.ch\/restaurant-webseite\/wp-content\/uploads\/sites\/2\/2014\/07\/burger-180x180.jpg' title='' alt='' class='av-catalogue-image' \/><div class='av-catalogue-item-inner'><div class='av-catalogue-title-container'><div class='av-catalogue-title'>Lachs im Sesammantel<\/div><div class='av-catalogue-price'>17.50 CHF<\/div><\/div><div class=\"av-catalogue-content\">\nmit Salat, Suppe und Kartoffeln<br \/>\n<\/div><\/div><\/a><\/li>\n<li><a href='https:\/\/www.gutweb.ch\/restaurant-webseite\/wp-content\/uploads\/sites\/2\/2014\/07\/pizza-1030x687.jpg'  class='av-catalogue-item'><img src='https:\/\/www.gutweb.ch\/restaurant-webseite\/wp-content\/uploads\/sites\/2\/2014\/07\/pizza-180x180.jpg' title='' alt='' class='av-catalogue-image' \/><div class='av-catalogue-item-inner'><div class='av-catalogue-title-container'><div class='av-catalogue-title'>Grillplatte<\/div><div class='av-catalogue-price'>27.50 CHF<\/div><\/div><div class=\"av-catalogue-content\">\nDiverse Sorten Fleisch<br \/>\n<\/div><\/div><\/a><\/li>\n<\/ul><\/div><\/div><div class=\"flex_column av_one_fifth  flex_column_div   avia-builder-el-7  el_after_av_three_fifth  el_before_av_heading  \" ><\/div><div  style='padding-bottom:25px; ' class='av-special-heading av-special-heading-h2  blockquote modern-quote modern-centered  avia-builder-el-8  el_after_av_one_fifth  el_before_av_one_half  av-thin-font '><h2 class='av-special-heading-tag '  itemprop=\"headline\"  ><strong>Fr\u00fch<\/strong>st\u00fcck<\/h2><div class='special-heading-border'><div class='special-heading-inner-border' ><\/div><\/div><\/div>\n<div class=\"flex_column av_one_half  flex_column_div first  avia-builder-el-9  el_after_av_heading  el_before_av_one_half  \" ><div  class='av-catalogue-container   avia-builder-el-10  avia-builder-el-no-sibling '><ul class='av-catalogue-list'>\n<li><div class='av-catalogue-item'><div class='av-catalogue-item-inner'><div class='av-catalogue-title-container'><div class='av-catalogue-title'>Einfaches Fr\u00fchst\u00fcck<\/div><div class='av-catalogue-price'>10 CHF<\/div><\/div><div class=\"av-catalogue-content\">\nBr\u00f6tchen und Marmelade<br \/>\n<\/div><\/div><\/div><\/li>\n<li><div class='av-catalogue-item'><div class='av-catalogue-item-inner'><div class='av-catalogue-title-container'><div class='av-catalogue-title'>Bauernfr\u00fchst\u00fcck<\/div><div class='av-catalogue-price'>15 CHF<\/div><\/div><div class=\"av-catalogue-content\">\nBr\u00f6tchen, Ei, Schinken, Salami<br \/>\n<\/div><\/div><\/div><\/li>\n<\/ul><\/div><\/div><div class=\"flex_column av_one_half  flex_column_div   avia-builder-el-11  el_after_av_one_half  el_before_av_heading  \" ><div  class='av-catalogue-container   avia-builder-el-12  avia-builder-el-no-sibling '><ul class='av-catalogue-list'>\n<li><div class='av-catalogue-item'><div class='av-catalogue-item-inner'><div class='av-catalogue-title-container'><div class='av-catalogue-title'>Bircherm\u00fcsli<\/div><div class='av-catalogue-price'>8 CHF<\/div><\/div><div class=\"av-catalogue-content\">\nDer Klassiker<br \/>\n<\/div><\/div><\/div><\/li>\n<li><div class='av-catalogue-item'><div class='av-catalogue-item-inner'><div class='av-catalogue-title-container'><div class='av-catalogue-title'>Fr\u00fcchtefr\u00fchst\u00fcck<\/div><div class='av-catalogue-price'>11 CHF<\/div><\/div><div class=\"av-catalogue-content\">\nDiverse saisonale Fr\u00fcchte<br \/>\n<\/div><\/div><\/div><\/li>\n<\/ul><\/div><\/div><div  style='padding-bottom:25px; ' class='av-special-heading av-special-heading-h2  blockquote modern-quote modern-centered  avia-builder-el-13  el_after_av_one_half  el_before_av_one_half  av-thin-font '><h2 class='av-special-heading-tag '  itemprop=\"headline\"  >Mittag<strong>essen<\/strong><\/h2><div class='special-heading-border'><div class='special-heading-inner-border' ><\/div><\/div><\/div>\n<div class=\"flex_column av_one_half  flex_column_div first  avia-builder-el-14  el_after_av_heading  el_before_av_one_half  \" ><div  class='av-catalogue-container   avia-builder-el-15  avia-builder-el-no-sibling '><ul class='av-catalogue-list'>\n<li><div class='av-catalogue-item'><div class='av-catalogue-item-inner'><div class='av-catalogue-title-container'><div class='av-catalogue-title'>Schweinebraten<\/div><div class='av-catalogue-price'>19 CHF<\/div><\/div><div class=\"av-catalogue-content\">\nMit Salat &#038; Pommes<br \/>\n<\/div><\/div><\/div><\/li>\n<li><div class='av-catalogue-item'><div class='av-catalogue-item-inner'><div class='av-catalogue-title-container'><div class='av-catalogue-title'>Rinder-Steak<\/div><div class='av-catalogue-price'>25 CHF<\/div><\/div><div class=\"av-catalogue-content\">\nMit Salat &#038; Pommes<br \/>\n<\/div><\/div><\/div><\/li>\n<li><div class='av-catalogue-item'><div class='av-catalogue-item-inner'><div class='av-catalogue-title-container'><div class='av-catalogue-title'>Entenbrust<\/div><div class='av-catalogue-price'>28 CHF<\/div><\/div><div class=\"av-catalogue-content\">\nMit Salat &#038; Kartoffeln<br \/>\n<\/div><\/div><\/div><\/li>\n<li><div class='av-catalogue-item'><div class='av-catalogue-item-inner'><div class='av-catalogue-title-container'><div class='av-catalogue-title'>Roastbeef<\/div><div class='av-catalogue-price'>33 CHF<\/div><\/div><div class=\"av-catalogue-content\">\nMit Salat &#038; Pommes<br \/>\n<\/div><\/div><\/div><\/li>\n<\/ul><\/div><\/div><div class=\"flex_column av_one_half  flex_column_div   avia-builder-el-16  el_after_av_one_half  el_before_av_heading  \" ><div  class='av-catalogue-container   avia-builder-el-17  avia-builder-el-no-sibling '><ul class='av-catalogue-list'>\n<li><div class='av-catalogue-item'><div class='av-catalogue-item-inner'><div class='av-catalogue-title-container'><div class='av-catalogue-title'>Forelle<\/div><div class='av-catalogue-price'><\/div><\/div><div class=\"av-catalogue-content\">\nMit Salat &amp; Kartoffeln<br \/>\n<\/div><\/div><\/div><\/li>\n<li><div class='av-catalogue-item'><div class='av-catalogue-item-inner'><div class='av-catalogue-title-container'><div class='av-catalogue-title'>Lammbraten<\/div><div class='av-catalogue-price'>28 CHF<\/div><\/div><div class=\"av-catalogue-content\">\nMit Salat &#038; Pommes<br \/>\n<\/div><\/div><\/div><\/li>\n<li><div class='av-catalogue-item'><div class='av-catalogue-item-inner'><div class='av-catalogue-title-container'><div class='av-catalogue-title'>Ente gebacken<\/div><div class='av-catalogue-price'>32 CHF<\/div><\/div><div class=\"av-catalogue-content\">\nMit Salat &#038; Pommes<br \/>\n<\/div><\/div><\/div><\/li>\n<li><div class='av-catalogue-item'><div class='av-catalogue-item-inner'><div class='av-catalogue-title-container'><div class='av-catalogue-title'>Spanferkel<\/div><div class='av-catalogue-price'>33 CHF<\/div><\/div><div class=\"av-catalogue-content\">\nMit Salat &#038; Pommes<br \/>\n<\/div><\/div><\/div><\/li>\n<\/ul><\/div><\/div><div  style='padding-bottom:25px; ' class='av-special-heading av-special-heading-h2  blockquote modern-quote modern-centered  avia-builder-el-18  el_after_av_one_half  el_before_av_one_half  av-thin-font '><h2 class='av-special-heading-tag '  itemprop=\"headline\"  >Wein<strong>karte<\/strong><\/h2><div class='special-heading-border'><div class='special-heading-inner-border' ><\/div><\/div><\/div>\n<div class=\"flex_column av_one_half  flex_column_div first  avia-builder-el-19  el_after_av_heading  el_before_av_one_half  \" ><div  class='avia-image-container avia_animated_image avia_animate_when_almost_visible pop-up av-styling-    avia-builder-el-20  avia-builder-el-no-sibling  avia-align-center '  itemprop=\"image\" itemscope=\"itemscope\" itemtype=\"https:\/\/schema.org\/ImageObject\"  ><div class='avia-image-container-inner'><div class='avia-image-overlay-wrap'><img class='avia_image' src='https:\/\/www.gutweb.ch\/restaurant-webseite\/wp-content\/uploads\/sites\/2\/2014\/07\/wine-845x684.jpg' alt='' title='Weine' height=\"684\" width=\"845\"  itemprop=\"thumbnailUrl\"  \/><\/div><\/div><\/div><\/div><div class=\"flex_column av_one_half  flex_column_div   avia-builder-el-21  el_after_av_one_half  el_before_av_heading  \" ><div  class='av-catalogue-container   avia-builder-el-22  avia-builder-el-no-sibling '><ul class='av-catalogue-list'>\n<li><div class='av-catalogue-item'><div class='av-catalogue-item-inner'><div class='av-catalogue-title-container'><div class='av-catalogue-title'>Grechetto, Poggio Della Costa<\/div><div class='av-catalogue-price'>20 CHF<\/div><\/div><div class=\"av-catalogue-content\">\n2011, Umbria, Italien<br \/>\n<\/div><\/div><\/div><\/li>\n<li><div class='av-catalogue-item'><div class='av-catalogue-item-inner'><div class='av-catalogue-title-container'><div class='av-catalogue-title'>Muskateller, Heidi Schrock<\/div><div class='av-catalogue-price'>22 CHF<\/div><\/div><div class=\"av-catalogue-content\">\n2010, Neusiedlersee-Huggeland, \u00d6sterreich<br \/>\n<\/div><\/div><\/div><\/li>\n<li><div class='av-catalogue-item'><div class='av-catalogue-item-inner'><div class='av-catalogue-title-container'><div class='av-catalogue-title'>Lustwein, Hugentobler<\/div><div class='av-catalogue-price'>28 CHF<\/div><\/div><div class=\"av-catalogue-content\">\n2012 Rheintal, St.Gallen<br \/>\n<\/div><\/div><\/div><\/li>\n<li><div class='av-catalogue-item'><div class='av-catalogue-item-inner'><div class='av-catalogue-title-container'><div class='av-catalogue-title'>Chenin Blanc, Nicolas Joly<\/div><div class='av-catalogue-price'>33 CHF<\/div><\/div><div class=\"av-catalogue-content\">\n2010, Loire, Frankreich<br \/>\n<\/div><\/div><\/div><\/li>\n<\/ul><\/div><\/div><div  style='padding-bottom:25px; ' class='av-special-heading av-special-heading-h2  blockquote modern-quote modern-centered  avia-builder-el-23  el_after_av_one_half  el_before_av_one_third  av-thin-font '><h2 class='av-special-heading-tag '  itemprop=\"headline\"  >Alkoholfreie <strong>Getr\u00e4nke<\/strong><\/h2><div class='special-heading-border'><div class='special-heading-inner-border' ><\/div><\/div><\/div>\n<div class=\"flex_column av_one_third  flex_column_div first  avia-builder-el-24  el_after_av_heading  el_before_av_one_third  \" ><div  class='av-catalogue-container   avia-builder-el-25  avia-builder-el-no-sibling '><ul class='av-catalogue-list'>\n<li><div class='av-catalogue-item'><div class='av-catalogue-item-inner'><div class='av-catalogue-title-container'><div class='av-catalogue-title'>Limonade<\/div><div class='av-catalogue-price'>4 CHF<\/div><\/div><div class=\"av-catalogue-content\"><\/div><\/div><\/div><\/li>\n<li><div class='av-catalogue-item'><div class='av-catalogue-item-inner'><div class='av-catalogue-title-container'><div class='av-catalogue-title'>Malzbier<\/div><div class='av-catalogue-price'>4 CHF<\/div><\/div><div class=\"av-catalogue-content\"><\/div><\/div><\/div><\/li>\n<li><div class='av-catalogue-item'><div class='av-catalogue-item-inner'><div class='av-catalogue-title-container'><div class='av-catalogue-title'>Apfelsaft<\/div><div class='av-catalogue-price'>5 CHF<\/div><\/div><div class=\"av-catalogue-content\"><\/div><\/div><\/div><\/li>\n<li><div class='av-catalogue-item'><div class='av-catalogue-item-inner'><div class='av-catalogue-title-container'><div class='av-catalogue-title'>Orangensaft<\/div><div class='av-catalogue-price'>6 CHF<\/div><\/div><div class=\"av-catalogue-content\"><\/div><\/div><\/div><\/li>\n<\/ul><\/div><\/div><div class=\"flex_column av_one_third  flex_column_div   avia-builder-el-26  el_after_av_one_third  el_before_av_one_third  \" ><div  class='av-catalogue-container   avia-builder-el-27  avia-builder-el-no-sibling '><ul class='av-catalogue-list'>\n<li><div class='av-catalogue-item'><div class='av-catalogue-item-inner'><div class='av-catalogue-title-container'><div class='av-catalogue-title'>Coca Cola<\/div><div class='av-catalogue-price'>4 CHF<\/div><\/div><div class=\"av-catalogue-content\"><\/div><\/div><\/div><\/li>\n<li><div class='av-catalogue-item'><div class='av-catalogue-item-inner'><div class='av-catalogue-title-container'><div class='av-catalogue-title'>Rivella<\/div><div class='av-catalogue-price'>5 CHF<\/div><\/div><div class=\"av-catalogue-content\"><\/div><\/div><\/div><\/li>\n<li><div class='av-catalogue-item'><div class='av-catalogue-item-inner'><div class='av-catalogue-title-container'><div class='av-catalogue-title'>Red Bull<\/div><div class='av-catalogue-price'>5 CHF<\/div><\/div><div class=\"av-catalogue-content\"><\/div><\/div><\/div><\/li>\n<li><div class='av-catalogue-item'><div class='av-catalogue-item-inner'><div class='av-catalogue-title-container'><div class='av-catalogue-title'>Bitter Lemon<\/div><div class='av-catalogue-price'>5 CHF<\/div><\/div><div class=\"av-catalogue-content\"><\/div><\/div><\/div><\/li>\n<\/ul><\/div><\/div><div class=\"flex_column av_one_third  flex_column_div   avia-builder-el-28  el_after_av_one_third  avia-builder-el-last  \" ><div  class='av-catalogue-container   avia-builder-el-29  avia-builder-el-no-sibling '><ul class='av-catalogue-list'>\n<li><div class='av-catalogue-item'><div class='av-catalogue-item-inner'><div class='av-catalogue-title-container'><div class='av-catalogue-title'>Milch<\/div><div class='av-catalogue-price'>2 CHF<\/div><\/div><div class=\"av-catalogue-content\"><\/div><\/div><\/div><\/li>\n<li><div class='av-catalogue-item'><div class='av-catalogue-item-inner'><div class='av-catalogue-title-container'><div class='av-catalogue-title'>Mineralwasser<\/div><div class='av-catalogue-price'>3 CHF<\/div><\/div><div class=\"av-catalogue-content\"><\/div><\/div><\/div><\/li>\n<li><div class='av-catalogue-item'><div class='av-catalogue-item-inner'><div class='av-catalogue-title-container'><div class='av-catalogue-title'>Bananen-Shake<\/div><div class='av-catalogue-price'>6 CHF<\/div><\/div><div class=\"av-catalogue-content\"><\/div><\/div><\/div><\/li>\n<li><div class='av-catalogue-item'><div class='av-catalogue-item-inner'><div class='av-catalogue-title-container'><div class='av-catalogue-title'>Schoggi-Shake<\/div><div class='av-catalogue-price'>6 CHF<\/div><\/div><div class=\"av-catalogue-content\"><\/div><\/div><\/div><\/li>\n<\/ul><\/div><\/div><\/div><\/div><\/div><!-- close content main div --><\/div><\/div><div id='after_section_2'  class='main_color av_default_container_wrap container_wrap sidebar_right' style=' '  ><div class='container' ><div class='template-page content  av-content-small alpha units'><div class='post-entry post-entry-type-page post-entry-17'><div class='entry-content-wrapper clearfix'>\n","protected":false},"excerpt":{"rendered":"","protected":false},"author":1,"featured_media":0,"parent":0,"menu_order":0,"comment_status":"open","ping_status":"open","template":"","meta":{"footnotes":""},"class_list":["post-17","page","type-page","status-publish","hentry"],"_links":{"self":[{"href":"https:\/\/www.gutweb.ch\/restaurant-webseite\/wp-json\/wp\/v2\/pages\/17","targetHints":{"allow":["GET"]}}],"collection":[{"href":"https:\/\/www.gutweb.ch\/restaurant-webseite\/wp-json\/wp\/v2\/pages"}],"about":[{"href":"https:\/\/www.gutweb.ch\/restaurant-webseite\/wp-json\/wp\/v2\/types\/page"}],"author":[{"embeddable":true,"href":"https:\/\/www.gutweb.ch\/restaurant-webseite\/wp-json\/wp\/v2\/users\/1"}],"replies":[{"embeddable":true,"href":"https:\/\/www.gutweb.ch\/restaurant-webseite\/wp-json\/wp\/v2\/comments?post=17"}],"version-history":[{"count":8,"href":"https:\/\/www.gutweb.ch\/restaurant-webseite\/wp-json\/wp\/v2\/pages\/17\/revisions"}],"predecessor-version":[{"id":421,"href":"https:\/\/www.gutweb.ch\/restaurant-webseite\/wp-json\/wp\/v2\/pages\/17\/revisions\/421"}],"wp:attachment":[{"href":"https:\/\/www.gutweb.ch\/restaurant-webseite\/wp-json\/wp\/v2\/media?parent=17"}],"curies":[{"name":"wp","href":"https:\/\/api.w.org\/{rel}","templated":true}]}}